{"id":5905,"date":"2026-04-29T20:36:17","date_gmt":"2026-04-29T18:36:17","guid":{"rendered":"https:\/\/www.cincomonos.org\/entradas\/?post_type=product&#038;p=5905"},"modified":"2026-04-29T20:40:37","modified_gmt":"2026-04-29T18:40:37","slug":"kellylandia","status":"publish","type":"product","link":"https:\/\/www.cincomonos.org\/entradas\/?product=kellylandia","title":{"rendered":"Kellylandia"},"content":{"rendered":"<h2 style=\"text-align: center;\">Un dels oficis m\u00e9s feminitzats al planeta \u00e9s, sens dubte, el de les<br \/>\ntreballadores dels hotels, el de les que fan la feina bruta, \u00e9s a dir, el de les<br \/>\nque netegen. En molts llocs se les coneix com a les \u201cKellys\u201d perqu\u00e8 s\u00f3n les<br \/>\n\u201cKe-li-mpian\u201d les habitacions dels hotels. Nom\u00e9s ens recordem d\u2019elles quan<br \/>\ntrobem a faltar una tovallola o el flasc\u00f3 del xamp\u00fa a l\u2019habitaci\u00f3 que hem<br \/>\nllogat per un o varis dies per\u00f2 que considerem que ens pertany i on volem<br \/>\nque tot estigui en ordre i sobretot ben neta. I normalment \u00e9s aix\u00ed i no per art<br \/>\nde m\u00e0gia, sin\u00f3 com a resultat d\u2019una feina dura, acurada i gens agra\u00efda.<br \/>\nAquesta \u00e9s la breu per\u00f2 intensa hist\u00f2ria de dues d\u2019aquestes dones que<br \/>\ncoincideixen en el temps i en el lloc, \u00e9s a dir, en un hotel, on, entre habitaci\u00f3<br \/>\ni habitaci\u00f3 per endre\u00e7ar i netejar, s\u2019expliquen les seves penes i alegries<br \/>\npersonals i les moltes penes i poques alegries del seu ofici. Per\u00f2 sobretot<br \/>\ns\u2019expliquen all\u00f2 que les il\u00b7lusiona i que els dona cada mat\u00ed la for\u00e7a<br \/>\nnecess\u00e0ria per llevar-se del seu llit per anar a fer-ne d\u2019altres. I el seu,<br \/>\nprobablement, quan tornin a casa, encara estar\u00e0 per fer.<br \/>\nKellylandia, el m\u00f3n de les Kellys, pot semblar una cr\u00f2nica de reivindicacions<br \/>\ni ho \u00e9s, per\u00f2 tamb\u00e9 \u00e9s un relat sobre els afectes i les complicitats, i sobre els<br \/>\nsomnis que es poden fer realitat, o no.<br \/>\nKellylandia \u00e9s tamb\u00e9 la hist\u00f2ria d\u2019una amistat. I potser d\u2019alguna cosa m\u00e9s.<br \/>\nJoan Faneca Espin\u00f3s<br \/>\n*ESPECTACLE CREAT EN RESID\u00c8NCIA A LA FARINERA DEL CLOT<\/h2>\n<p>&nbsp;<\/p>\n<p style=\"text-align: center;\">Autoria i direcci\u00f3<\/p>\n<p style=\"text-align: center;\">JOAN FANECA<\/p>\n<p style=\"text-align: center;\">Idea original i ajudant de direcci\u00f3<\/p>\n<p style=\"text-align: center;\">ESTHER RAT\u00c9S<\/p>\n<p style=\"text-align: center;\">Actrius<\/p>\n<p style=\"text-align: center;\">S\u00cdLVIA ALABART I MONTSE GURRI<\/p>\n<p style=\"text-align: center;\">\nCompanyia DADA<\/p>\n<p style=\"text-align: center;\">\nDisseny de llum<\/p>\n<p style=\"text-align: center;\">JOAN SEGAL\u00c9S<\/p>\n<p style=\"text-align: center;\">\nEscenograf\u00eda, vestuari i veu en off<\/p>\n<p style=\"text-align: center;\">EDUARD SERRA<\/p>\n<p style=\"text-align: center;\">\nFotograf\u00eda<\/p>\n<p style=\"text-align: center;\">PERE ARTAL<\/p>\n<p style=\"text-align: center;\">\nEnregistrament<\/p>\n<p style=\"text-align: center;\">LUCA BUTTURINI<\/p>\n<p style=\"text-align: center;\">\nM\u00fasica rap<\/p>\n<p style=\"text-align: center;\">MARC GURRI<\/p>\n<p style=\"text-align: center;\">\nDisseny<\/p>\n<p style=\"text-align: center;\">SERGIO DE PAOLA<\/p>\n<p style=\"text-align: center;\">\nIdioma CATAL\u00c0<br \/>\nGen\u00e9re COM\u00c8DIA<br \/>\nDurada 90 MINUTS<\/p>\n","protected":false},"excerpt":{"rendered":"<p>Un dels oficis m\u00e9s feminitzats al planeta \u00e9s, sens dubte, el de les treballadores dels hotels, el de les que fan la feina bruta, \u00e9s a dir, el de les que netegen. En molts llocs se les coneix com a les \u201cKellys\u201d perqu\u00e8 s\u00f3n les \u201cKe-li-mpian\u201d les habitacions dels hotels. Nom\u00e9s ens recordem d\u2019elles quan [&hellip;]<\/p>\n","protected":false},"featured_media":5906,"template":"","meta":[],"product_brand":[],"product_cat":[50,62,27],"product_tag":[],"class_list":{"0":"post-5905","1":"product","2":"type-product","3":"status-publish","4":"has-post-thumbnail","6":"product_cat-comedia","7":"product_cat-social","8":"product_cat-teatro","10":"first","11":"instock","12":"sale","13":"shipping-taxable","14":"purchasable","15":"product-type-variable"},"jetpack_sharing_enabled":true,"_links":{"self":[{"href":"https:\/\/www.cincomonos.org\/entradas\/index.php?rest_route=\/wp\/v2\/product\/5905","targetHints":{"allow":["GET"]}}],"collection":[{"href":"https:\/\/www.cincomonos.org\/entradas\/index.php?rest_route=\/wp\/v2\/product"}],"about":[{"href":"https:\/\/www.cincomonos.org\/entradas\/index.php?rest_route=\/wp\/v2\/types\/product"}],"wp:featuredmedia":[{"embeddable":true,"href":"https:\/\/www.cincomonos.org\/entradas\/index.php?rest_route=\/wp\/v2\/media\/5906"}],"wp:attachment":[{"href":"https:\/\/www.cincomonos.org\/entradas\/index.php?rest_route=%2Fwp%2Fv2%2Fmedia&parent=5905"}],"wp:term":[{"taxonomy":"product_brand","embeddable":true,"href":"https:\/\/www.cincomonos.org\/entradas\/index.php?rest_route=%2Fwp%2Fv2%2Fproduct_brand&post=5905"},{"taxonomy":"product_cat","embeddable":true,"href":"https:\/\/www.cincomonos.org\/entradas\/index.php?rest_route=%2Fwp%2Fv2%2Fproduct_cat&post=5905"},{"taxonomy":"product_tag","embeddable":true,"href":"https:\/\/www.cincomonos.org\/entradas\/index.php?rest_route=%2Fwp%2Fv2%2Fproduct_tag&post=5905"}],"curies":[{"name":"wp","href":"https:\/\/api.w.org\/{rel}","templated":true}]}}