{"id":5828,"date":"2026-04-14T09:27:58","date_gmt":"2026-04-14T07:27:58","guid":{"rendered":"https:\/\/www.cincomonos.org\/entradas\/?post_type=product&#038;p=5828"},"modified":"2026-04-14T12:57:46","modified_gmt":"2026-04-14T10:57:46","slug":"andy-warhol-lo-que-no-nos-dijo-el-rey-del-pop-art","status":"publish","type":"product","link":"https:\/\/www.cincomonos.org\/entradas\/?product=andy-warhol-lo-que-no-nos-dijo-el-rey-del-pop-art","title":{"rendered":"Andy Warhol. Lo que no nos dijo el rey del pop art"},"content":{"rendered":"<p style=\"text-align: center;\">Mon\u00f3logo teatral sobre el icono del Pop Art. Su vida privada con reflexiones libres sobre su vida amorosa. Sus v\u00ednculos con el artisteo del Nueva York a\u00f1os 60 a los 80 y toda la movida de The Factory.<\/p>\n<p style=\"text-align: center;\">Una mirada cr\u00edtica de Am\u00e9rica y los inmigrantes, \u00e9l como hijo de la inmigraci\u00f3n tambi\u00e9n.<\/p>\n<p style=\"text-align: center;\">&#8230; y la dificultad de ser diferente.<br \/>\nLa \u00abmanada\u00bb echa fuera al singular.<\/p>\n<p style=\"text-align: center;\">Autor y director<br \/>\nHoracio Ladr\u00f3n de Guevara<\/p>\n<p style=\"text-align: center;\">Interpretaci\u00f3n actoral<br \/>\nJuan Antonio P\u00e9rez<\/p>\n<p style=\"text-align: center;\">Direcci\u00f3n art\u00edstica<br \/>\nManel V\u00e1zquez<\/p>\n<p style=\"text-align: center;\">Producci\u00f3n<br \/>\nMORFICO<\/p>\n","protected":false},"excerpt":{"rendered":"<p>Mon\u00f3logo teatral sobre el icono del Pop Art. Su vida privada con reflexiones libres sobre su vida amorosa. Sus v\u00ednculos con el artisteo del Nueva York a\u00f1os 60 a los 80 y toda la movida de The Factory. Una mirada cr\u00edtica de Am\u00e9rica y los inmigrantes, \u00e9l como hijo de la inmigraci\u00f3n tambi\u00e9n. &#8230; y [&hellip;]<\/p>\n","protected":false},"featured_media":5831,"template":"","meta":[],"product_brand":[],"product_cat":[68,62,27],"product_tag":[],"class_list":{"0":"post-5828","1":"product","2":"type-product","3":"status-publish","4":"has-post-thumbnail","6":"product_cat-biografia","7":"product_cat-social","8":"product_cat-teatro","10":"first","11":"instock","12":"sale","13":"shipping-taxable","14":"purchasable","15":"product-type-variable"},"jetpack_sharing_enabled":true,"_links":{"self":[{"href":"https:\/\/www.cincomonos.org\/entradas\/index.php?rest_route=\/wp\/v2\/product\/5828","targetHints":{"allow":["GET"]}}],"collection":[{"href":"https:\/\/www.cincomonos.org\/entradas\/index.php?rest_route=\/wp\/v2\/product"}],"about":[{"href":"https:\/\/www.cincomonos.org\/entradas\/index.php?rest_route=\/wp\/v2\/types\/product"}],"wp:featuredmedia":[{"embeddable":true,"href":"https:\/\/www.cincomonos.org\/entradas\/index.php?rest_route=\/wp\/v2\/media\/5831"}],"wp:attachment":[{"href":"https:\/\/www.cincomonos.org\/entradas\/index.php?rest_route=%2Fwp%2Fv2%2Fmedia&parent=5828"}],"wp:term":[{"taxonomy":"product_brand","embeddable":true,"href":"https:\/\/www.cincomonos.org\/entradas\/index.php?rest_route=%2Fwp%2Fv2%2Fproduct_brand&post=5828"},{"taxonomy":"product_cat","embeddable":true,"href":"https:\/\/www.cincomonos.org\/entradas\/index.php?rest_route=%2Fwp%2Fv2%2Fproduct_cat&post=5828"},{"taxonomy":"product_tag","embeddable":true,"href":"https:\/\/www.cincomonos.org\/entradas\/index.php?rest_route=%2Fwp%2Fv2%2Fproduct_tag&post=5828"}],"curies":[{"name":"wp","href":"https:\/\/api.w.org\/{rel}","templated":true}]}}